{"id":997,"date":"2021-12-30T22:50:44","date_gmt":"2021-12-30T20:50:44","guid":{"rendered":"https:\/\/rttconsulting.fi\/?page_id=997"},"modified":"2025-05-08T15:44:05","modified_gmt":"2025-05-08T13:44:05","slug":"blogi","status":"publish","type":"page","link":"https:\/\/rttconsulting.fi\/en\/blogi\/","title":{"rendered":"Blogs in Finnish"},"content":{"rendered":"<div data-elementor-type=\"wp-page\" data-elementor-id=\"997\" class=\"elementor elementor-997\" data-elementor-settings=\"[]\">\n\t\t\t\t\t\t\t<div class=\"elementor-section-wrap\">\n\t\t\t\t\t\t\t<section class=\"elementor-section elementor-top-section elementor-element elementor-element-5500707 elementor-section-content-middle elementor-section-boxed elementor-section-height-default elementor-section-height-default\" data-id=\"5500707\" data-element_type=\"section\" data-settings=\"{&quot;background_background&quot;:&quot;classic&quot;}\">\n\t\t\t\t\t\t\t<div class=\"elementor-background-overlay\"><\/div>\n\t\t\t\t\t\t\t<div class=\"elementor-container elementor-column-gap-no\">\n\t\t\t\t\t<div class=\"elementor-column elementor-col-100 elementor-top-column elementor-element elementor-element-f551e56\" data-id=\"f551e56\" data-element_type=\"column\">\n\t\t\t<div class=\"elementor-widget-wrap elementor-element-populated\">\n\t\t\t\t\t\t\t\t<div class=\"elementor-element elementor-element-9cf8ac7 elementor-widget elementor-widget-heading\" data-id=\"9cf8ac7\" data-element_type=\"widget\" data-widget_type=\"heading.default\">\n\t\t\t\t<div class=\"elementor-widget-container\">\n\t\t\t<style>\/*! elementor - v3.5.2 - 22-12-2021 *\/\n.elementor-heading-title{padding:0;margin:0;line-height:1}.elementor-widget-heading .elementor-heading-title[class*=elementor-size-]>a{color:inherit;font-size:inherit;line-height:inherit}.elementor-widget-heading .elementor-heading-title.elementor-size-small{font-size:15px}.elementor-widget-heading .elementor-heading-title.elementor-size-medium{font-size:19px}.elementor-widget-heading .elementor-heading-title.elementor-size-large{font-size:29px}.elementor-widget-heading .elementor-heading-title.elementor-size-xl{font-size:39px}.elementor-widget-heading .elementor-heading-title.elementor-size-xxl{font-size:59px}<\/style><h1 class=\"elementor-heading-title elementor-size-default\">Blogs in Finnish<\/h1>\t\t<\/div>\n\t\t\t\t<\/div>\n\t\t\t\t\t<\/div>\n\t\t<\/div>\n\t\t\t\t\t\t\t<\/div>\n\t\t<\/section>\n\t\t\t\t<section class=\"elementor-section elementor-top-section elementor-element elementor-element-dc020c6 elementor-section-boxed elementor-section-height-default elementor-section-height-default\" data-id=\"dc020c6\" data-element_type=\"section\">\n\t\t\t\t\t\t<div class=\"elementor-container elementor-column-gap-default\">\n\t\t\t\t\t<div class=\"elementor-column elementor-col-100 elementor-top-column elementor-element elementor-element-ae795c0\" data-id=\"ae795c0\" data-element_type=\"column\">\n\t\t\t<div class=\"elementor-widget-wrap elementor-element-populated\">\n\t\t\t\t\t\t\t\t<div class=\"elementor-element elementor-element-7991ce1 elementor-widget elementor-widget-blfe-post-grid\" data-id=\"7991ce1\" data-element_type=\"widget\" data-settings=\"{&quot;columns&quot;:&quot;6&quot;,&quot;columns_tablet&quot;:&quot;6&quot;,&quot;columns_mobile&quot;:&quot;12&quot;,&quot;classic1_layout_column_gap&quot;:{&quot;unit&quot;:&quot;px&quot;,&quot;size&quot;:30,&quot;sizes&quot;:[]},&quot;classic1_layout_column_gap_tablet&quot;:{&quot;unit&quot;:&quot;px&quot;,&quot;size&quot;:&quot;&quot;,&quot;sizes&quot;:[]},&quot;classic1_layout_column_gap_mobile&quot;:{&quot;unit&quot;:&quot;px&quot;,&quot;size&quot;:&quot;&quot;,&quot;sizes&quot;:[]},&quot;classic1_layout_row_gap&quot;:{&quot;unit&quot;:&quot;px&quot;,&quot;size&quot;:30,&quot;sizes&quot;:[]},&quot;classic1_layout_row_gap_tablet&quot;:{&quot;unit&quot;:&quot;px&quot;,&quot;size&quot;:&quot;&quot;,&quot;sizes&quot;:[]},&quot;classic1_layout_row_gap_mobile&quot;:{&quot;unit&quot;:&quot;px&quot;,&quot;size&quot;:&quot;&quot;,&quot;sizes&quot;:[]}}\" data-widget_type=\"blfe-post-grid.classic1\">\n\t\t\t\t<div class=\"elementor-widget-container\">\n\t\t\t\n            <div class=\"blfe-post-header blfe-post-header-has-no-filter blfe-post-header-style_1\">\n                <div class=\"blfe-post-header-title\"><h3 class=\"blfe-post-header-title-inner\"><a >Latest posts<\/a><\/h3><\/div>            <\/div>\n\n            \n                        <div class=\"blfe-post-grid-container\">\n            \n                <div data-skin=\"classic1\" class=\"blfe-row blfe-posts-inner blfe-classic1 blfe-posts-inner blfe-col-6 blfe-col-tab-6 blfe-col-mob-12\">\n                            <div class=\"blfe-post-grid-item\">\n            <div class=\"blfe-post-grid-item-inner blfe-modern-zoom\">\n                <a class=\"blfe-post-grid-image\" href=\"https:\/\/rttconsulting.fi\/en\/kuka-on-ammattijohtaja\/\" title=\"Kuka on ammattijohtaja\" rel=\"nofollow\" target=\"_self\"><img decoding=\"async\" src=\"https:\/\/rttconsulting.fi\/wp-content\/uploads\/2021\/12\/shutterstock_446441374-scaled.jpg\" alt=\"Kuka on ammattijohtaja\"\/><\/a>                                <div class=\"blfe-post-grid-details\">\n                    <div class=\"blfe-post-grid-details-inner\">\n                        <h3 class=\"blfe-post-grid-title\">\n            <a href=\"https:\/\/rttconsulting.fi\/en\/kuka-on-ammattijohtaja\/\" title=\"Kuka on ammattijohtaja\" rel=\"nofollow\" target=\"_self\">Kuka on ammattijohtaja<\/a>\n            <\/h3>                        <p class=\"blfe-post-grid-excerpt\">Johtaminen on yh\u00e4 useammin ammatti, jota tekee ammattijohtaja. Kun joku kutsuu itse\u00e4\u00e4n ammattijohtajaksi, h\u00e4n viittaa kokemukseni mukaan yleens\u00e4 siihen, ett\u00e4...<\/p>                                    <div class=\"blfe-post-grid-meta\">\n                <span class=\"blfe-post-grid-date\"><i class=\"fa fa-calendar-alt far fa-calendar-alt\"><\/i>08.05.2025<\/span>            <\/div>\n                                                        <\/div>\n                <\/div>\n\n            <\/div>\n        <\/div>\n                <div class=\"blfe-post-grid-item\">\n            <div class=\"blfe-post-grid-item-inner blfe-modern-zoom\">\n                <a class=\"blfe-post-grid-image\" href=\"https:\/\/rttconsulting.fi\/en\/miten-veropolitiikka-voisi-muovata-terveytta\/\" title=\"Miten veropolitiikka voisi muovata terveytt\u00e4?\" rel=\"nofollow\" target=\"_self\"><img decoding=\"async\" src=\"https:\/\/rttconsulting.fi\/wp-content\/uploads\/2020\/07\/heap-of-american-money-cash-and-vintage-light-box.jpg\" alt=\"Miten veropolitiikka voisi muovata terveytt\u00e4?\"\/><\/a>                                <div class=\"blfe-post-grid-details\">\n                    <div class=\"blfe-post-grid-details-inner\">\n                        <h3 class=\"blfe-post-grid-title\">\n            <a href=\"https:\/\/rttconsulting.fi\/en\/miten-veropolitiikka-voisi-muovata-terveytta\/\" title=\"Miten veropolitiikka voisi muovata terveytt\u00e4?\" rel=\"nofollow\" target=\"_self\">Miten veropolitiikka voisi muovata terveytt\u00e4?<\/a>\n            <\/h3>                        <p class=\"blfe-post-grid-excerpt\">Valtiovarainministeri Riikka Purra mainitsi puheessaan Veronmaksajain Keskusliiton Vero2024-tapahtumassa Helsingiss\u00e4 t\u00e4n\u00e4\u00e4n, ett\u00e4 terveyden edist\u00e4miseen voitaisiin pyrki\u00e4 uudenlaisella veropolitiikalla. Mit\u00e4 se mahtaisi...<\/p>                                    <div class=\"blfe-post-grid-meta\">\n                <span class=\"blfe-post-grid-date\"><i class=\"fa fa-calendar-alt far fa-calendar-alt\"><\/i>13.03.2024<\/span>            <\/div>\n                                                        <\/div>\n                <\/div>\n\n            <\/div>\n        <\/div>\n                <div class=\"blfe-post-grid-item\">\n            <div class=\"blfe-post-grid-item-inner blfe-modern-zoom\">\n                <a class=\"blfe-post-grid-image\" href=\"https:\/\/rttconsulting.fi\/en\/tekoaly-ja-taloushallinto\/\" title=\"Teko\u00e4ly ja taloushallinto\" rel=\"nofollow\" target=\"_self\"><img decoding=\"async\" src=\"https:\/\/rttconsulting.fi\/wp-content\/uploads\/2024\/02\/shutterstock_1308856717-scaled.jpg\" alt=\"Teko\u00e4ly ja taloushallinto\"\/><\/a>                                <div class=\"blfe-post-grid-details\">\n                    <div class=\"blfe-post-grid-details-inner\">\n                        <h3 class=\"blfe-post-grid-title\">\n            <a href=\"https:\/\/rttconsulting.fi\/en\/tekoaly-ja-taloushallinto\/\" title=\"Teko\u00e4ly ja taloushallinto\" rel=\"nofollow\" target=\"_self\">Teko\u00e4ly ja taloushallinto<\/a>\n            <\/h3>                        <p class=\"blfe-post-grid-excerpt\">Mihin talousammattilainen voi hy\u00f6dynt\u00e4\u00e4 teko\u00e4ly\u00e4 omassa ty\u00f6ss\u00e4\u00e4n ja mit\u00e4 se mahdollistaa jo t\u00e4n\u00e4\u00e4n? Kaikki teko\u00e4lyn hy\u00f6dynt\u00e4misess\u00e4 alkoi minulla pari vuotta...<\/p>                                    <div class=\"blfe-post-grid-meta\">\n                <span class=\"blfe-post-grid-date\"><i class=\"fa fa-calendar-alt far fa-calendar-alt\"><\/i>11.02.2024<\/span>            <\/div>\n                                                        <\/div>\n                <\/div>\n\n            <\/div>\n        <\/div>\n                <div class=\"blfe-post-grid-item\">\n            <div class=\"blfe-post-grid-item-inner blfe-modern-zoom\">\n                <a class=\"blfe-post-grid-image\" href=\"https:\/\/rttconsulting.fi\/en\/kassavirta\/\" title=\"Kassavirta (In Finnish)\" rel=\"nofollow\" target=\"_self\"><img decoding=\"async\" src=\"https:\/\/rttconsulting.fi\/wp-content\/uploads\/2020\/07\/crop-woman-using-calculator-and-taking-notes-on-paper.jpg\" alt=\"Kassavirta\"\/><\/a>                                <div class=\"blfe-post-grid-details\">\n                    <div class=\"blfe-post-grid-details-inner\">\n                        <h3 class=\"blfe-post-grid-title\">\n            <a href=\"https:\/\/rttconsulting.fi\/en\/kassavirta\/\" title=\"Kassavirta (In Finnish)\" rel=\"nofollow\" target=\"_self\">Kassavirta (In Finnish)<\/a>\n            <\/h3>                        <p class=\"blfe-post-grid-excerpt\">Kassa on kuningas! L\u00e4hes kaikilla yrityksill\u00e4 on jossain vaiheessa pulaa rahasta. Yrityksesi selviytyminen voi riippua siit\u00e4, miten suoriudut n\u00e4ist\u00e4 hetkist\u00e4....<\/p>                                    <div class=\"blfe-post-grid-meta\">\n                <span class=\"blfe-post-grid-date\"><i class=\"fa fa-calendar-alt far fa-calendar-alt\"><\/i>09.05.2022<\/span>            <\/div>\n                                                        <\/div>\n                <\/div>\n\n            <\/div>\n        <\/div>\n                <div class=\"blfe-post-grid-item\">\n            <div class=\"blfe-post-grid-item-inner blfe-modern-zoom\">\n                <a class=\"blfe-post-grid-image\" href=\"https:\/\/rttconsulting.fi\/en\/yhtion-lopettaminen-eroon-osakeyhtiosta\/\" title=\"Yhti\u00f6n lopettaminen &#8211; eroon osakeyhti\u00f6st\u00e4\" rel=\"nofollow\" target=\"_self\"><img decoding=\"async\" src=\"https:\/\/rttconsulting.fi\/wp-content\/uploads\/2021\/12\/shutterstock_720984151-scaled.jpg\" alt=\"Yhti\u00f6n lopettaminen &#8211; eroon osakeyhti\u00f6st\u00e4\"\/><\/a>                                <div class=\"blfe-post-grid-details\">\n                    <div class=\"blfe-post-grid-details-inner\">\n                        <h3 class=\"blfe-post-grid-title\">\n            <a href=\"https:\/\/rttconsulting.fi\/en\/yhtion-lopettaminen-eroon-osakeyhtiosta\/\" title=\"Yhti\u00f6n lopettaminen &#8211; eroon osakeyhti\u00f6st\u00e4\" rel=\"nofollow\" target=\"_self\">Yhti\u00f6n lopettaminen \u2013 eroon osakeyhti\u00f6st\u00e4 (In Finninsh)<\/a>\n            <\/h3>                        <p class=\"blfe-post-grid-excerpt\">Korona on vauhdittanut ty\u00f6n irtoamista ajasta ja paikasta. Samalla se on tehnyt n\u00e4kyv\u00e4ksi ty\u00f6n monimuotoisuuden ja kuinka erilaisissa tilanteissa eri...<\/p>                                    <div class=\"blfe-post-grid-meta\">\n                <span class=\"blfe-post-grid-date\"><i class=\"fa fa-calendar-alt far fa-calendar-alt\"><\/i>25.02.2022<\/span>            <\/div>\n                                                        <\/div>\n                <\/div>\n\n            <\/div>\n        <\/div>\n                        <\/div>\n\n                        <\/div>\n            \n                        <div class=\"blfe-post-footer\">\n                        <\/div>\n            \t\t<\/div>\n\t\t\t\t<\/div>\n\t\t\t\t\t<\/div>\n\t\t<\/div>\n\t\t\t\t\t\t\t<\/div>\n\t\t<\/section>\n\t\t\t\t\t\t<\/div>\n\t\t\t\t\t<\/div>","protected":false},"excerpt":{"rendered":"<p>Blogit Viimeisimm\u00e4t kirjoitukset Kuka on ammattijohtaja Johtaminen on yh\u00e4 useammin ammatti, jota tekee ammattijohtaja. Kun joku kutsuu itse\u00e4\u00e4n ammattijohtajaksi, h\u00e4n viittaa kokemukseni mukaan yleens\u00e4 siihen, ett\u00e4&#8230; 08.05.2025 Miten veropolitiikka voisi muovata terveytt\u00e4? Valtiovarainministeri Riikka Purra mainitsi puheessaan Veronmaksajain Keskusliiton Vero2024-tapahtumassa Helsingiss\u00e4 t\u00e4n\u00e4\u00e4n, ett\u00e4 terveyden edist\u00e4miseen voitaisiin pyrki\u00e4 uudenlaisella veropolitiikalla. Mit\u00e4 se mahtaisi&#8230; 13.03.2024 Teko\u00e4ly ja [&hellip;]<\/p>","protected":false},"author":1,"featured_media":0,"parent":0,"menu_order":0,"comment_status":"closed","ping_status":"closed","template":"","meta":{"site-sidebar-layout":"no-sidebar","site-content-layout":"page-builder","ast-site-content-layout":"full-width-container","site-content-style":"unboxed","site-sidebar-style":"unboxed","ast-global-header-display":"","ast-banner-title-visibility":"","ast-main-header-display":"","ast-hfb-above-header-display":"","ast-hfb-below-header-display":"","ast-hfb-mobile-header-display":"","site-post-title":"disabled","ast-breadcrumbs-content":"","ast-featured-img":"disabled","footer-sml-layout":"","theme-transparent-header-meta":"","adv-header-id-meta":"","stick-header-meta":"","header-above-stick-meta":"","header-main-stick-meta":"","header-below-stick-meta":"","astra-migrate-meta-layouts":"set","ast-page-background-enabled":"default","ast-page-background-meta":{"desktop":{"background-color":"","background-image":"","background-repeat":"repeat","background-position":"center center","background-size":"auto","background-attachment":"scroll","background-type":"","background-media":"","overlay-type":"","overlay-color":"","overlay-gradient":""},"tablet":{"background-color":"","background-image":"","background-repeat":"repeat","background-position":"center center","background-size":"auto","background-attachment":"scroll","background-type":"","background-media":"","overlay-type":"","overlay-color":"","overlay-gradient":""},"mobile":{"background-color":"","background-image":"","background-repeat":"repeat","background-position":"center center","background-size":"auto","background-attachment":"scroll","background-type":"","background-media":"","overlay-type":"","overlay-color":"","overlay-gradient":""}},"ast-content-background-meta":{"desktop":{"background-color":"var(--ast-global-color-5)","background-image":"","background-repeat":"repeat","background-position":"center center","background-size":"auto","background-attachment":"scroll","background-type":"","background-media":"","overlay-type":"","overlay-color":"","overlay-gradient":""},"tablet":{"background-color":"var(--ast-global-color-5)","background-image":"","background-repeat":"repeat","background-position":"center center","background-size":"auto","background-attachment":"scroll","background-type":"","background-media":"","overlay-type":"","overlay-color":"","overlay-gradient":""},"mobile":{"background-color":"var(--ast-global-color-5)","background-image":"","background-repeat":"repeat","background-position":"center center","background-size":"auto","background-attachment":"scroll","background-type":"","background-media":"","overlay-type":"","overlay-color":"","overlay-gradient":""}},"footnotes":""},"class_list":["post-997","page","type-page","status-publish","hentry"],"_links":{"self":[{"href":"https:\/\/rttconsulting.fi\/en\/wp-json\/wp\/v2\/pages\/997","targetHints":{"allow":["GET"]}}],"collection":[{"href":"https:\/\/rttconsulting.fi\/en\/wp-json\/wp\/v2\/pages"}],"about":[{"href":"https:\/\/rttconsulting.fi\/en\/wp-json\/wp\/v2\/types\/page"}],"author":[{"embeddable":true,"href":"https:\/\/rttconsulting.fi\/en\/wp-json\/wp\/v2\/users\/1"}],"replies":[{"embeddable":true,"href":"https:\/\/rttconsulting.fi\/en\/wp-json\/wp\/v2\/comments?post=997"}],"version-history":[{"count":33,"href":"https:\/\/rttconsulting.fi\/en\/wp-json\/wp\/v2\/pages\/997\/revisions"}],"predecessor-version":[{"id":1720,"href":"https:\/\/rttconsulting.fi\/en\/wp-json\/wp\/v2\/pages\/997\/revisions\/1720"}],"wp:attachment":[{"href":"https:\/\/rttconsulting.fi\/en\/wp-json\/wp\/v2\/media?parent=997"}],"curies":[{"name":"wp","href":"https:\/\/api.w.org\/{rel}","templated":true}]}}